{"id":303,"date":"2020-10-08T16:58:32","date_gmt":"2020-10-08T21:58:32","guid":{"rendered":"https:\/\/texasworklawyer.com\/?page_id=303"},"modified":"2020-10-08T17:02:43","modified_gmt":"2020-10-08T22:02:43","slug":"privacy-policy","status":"publish","type":"page","link":"https:\/\/texasworklawyer.com\/es\/politica-de-privacidad\/","title":{"rendered":"Pol\u00edtica de privacidad"},"content":{"rendered":"<h1>Pol\u00edtica de privacidad<\/h1>\n<h3>Alcance de la pol\u00edtica<\/h3>\n<p>Este aviso de privacidad se aplica \u00fanicamente a la informaci\u00f3n recogida por el sitio web del Bufete Ruiz en https:\/\/texasworklawyer.com\/.<\/p>\n&#8211; Personally identifiable information that is collected.<br \/>\n&#8211; How it is used and with whom it may be shared.<br \/>\n&#8211; What choices are available regarding the use of your data.<br \/>\n&#8211; Security procedures to protect the misuse of information.<br \/>\n&#8211; How you can correct any inaccuracies in the information.\n<h3>Recopilaci\u00f3n, uso y distribuci\u00f3n de la informaci\u00f3n<\/h3>\n<p>Somos los \u00fanicos propietarios de la informaci\u00f3n recogida en este sitio. S\u00f3lo tenemos acceso a\/recoger la informaci\u00f3n que usted nos da voluntariamente por correo electr\u00f3nico u otro contacto directo de usted. No venderemos ni alquilaremos esta informaci\u00f3n a nadie.<\/p>\n<p>Usaremos su informaci\u00f3n para responderle, en relaci\u00f3n con la raz\u00f3n por la que nos contact\u00f3. No compartiremos su informaci\u00f3n con ning\u00fan tercero fuera de nuestra organizaci\u00f3n, excepto cuando sea necesario para cumplir con su solicitud, por ejemplo, para enviar un pedido.<\/p>\n<p>A menos que nos pida que no lo hagamos, es posible que nos pongamos en contacto con usted por correo electr\u00f3nico en el futuro para informarle sobre ofertas, nuevos productos o servicios, o cambios en esta pol\u00edtica de privacidad.<\/p>\n<h3>Su acceso y control sobre la informaci\u00f3n<\/h3>\n<p>Puede optar por no hacer ning\u00fan contacto futuro con nosotros en cualquier momento. Puede hacer lo siguiente en cualquier momento contact\u00e1ndonos a trav\u00e9s de la direcci\u00f3n de correo electr\u00f3nico o el n\u00famero de tel\u00e9fono que aparece en nuestra p\u00e1gina web:<\/p>\n&#8211; See what data we have about you, if any.<br \/>\n&#8211; Change\/correct any data we have about you.<br \/>\n&#8211; Have us delete any data we have about you.<br \/>\n&#8211; Express concern you have about our use of your data.\n<h3>Enlaces<\/h3>\n<p>Este sitio web contiene enlaces a otros sitios. Tenga en cuenta que no somos responsables del contenido ni de las pr\u00e1cticas de privacidad de esos otros sitios. Animamos a nuestros usuarios a que est\u00e9n atentos cuando salgan de nuestro sitio y a que lean las declaraciones de privacidad de cualquier otro sitio que recopile informaci\u00f3n de identificaci\u00f3n personal.<\/p>\n<h3>Seguridad<\/h3>\n<p>Tomamos precauciones para proteger su informaci\u00f3n. Cuando usted env\u00eda informaci\u00f3n sensible a trav\u00e9s del sitio web, su informaci\u00f3n est\u00e1 protegida tanto en l\u00ednea como fuera de l\u00ednea.<\/p>\n<p>Si bien utilizamos la encriptaci\u00f3n para proteger la informaci\u00f3n confidencial transmitida en l\u00ednea, tambi\u00e9n protegemos su informaci\u00f3n fuera de l\u00ednea. S\u00f3lo los empleados que necesitan la informaci\u00f3n para realizar un trabajo espec\u00edfico (por ejemplo, una lista de correo o un folleto informativo) tienen acceso a la informaci\u00f3n de identificaci\u00f3n personal. Las computadoras y los servidores en los que almacenamos la informaci\u00f3n de identificaci\u00f3n personal se mantienen en un entorno seguro.<\/p>\nPara cualquier pregunta o preocupaci\u00f3n sobre nuestra Pol\u00edtica de Privacidad puede contactarnos en<br \/>\nBufete de abogados RUIZ P.L.L.C<br \/>\n118 West Pecan Blvd.<br \/>\nMcAllen, Texas 78501<br \/>\n877-959-1247","protected":false},"excerpt":{"rendered":"<p>Privacy Policy Scope Of The Policy This privacy notice applies solely to information collected by the Ruiz Law Firm web site at https:\/\/texasworklawyer.com\/. &#8211; Personally identifiable information that is collected. &#8211; How it is used and with whom it may be shared. &#8211; What choices are available regarding the use of your data. &#8211; Security&hellip;<\/p>","protected":false},"author":2,"featured_media":0,"parent":0,"menu_order":0,"comment_status":"closed","ping_status":"closed","template":"templates\/template-full-width.php","meta":{"footnotes":""},"categories":[],"tags":[],"class_list":["post-303","page","type-page","status-publish","hentry"],"_links":{"self":[{"href":"https:\/\/texasworklawyer.com\/es\/wp-json\/wp\/v2\/pages\/303","targetHints":{"allow":["GET"]}}],"collection":[{"href":"https:\/\/texasworklawyer.com\/es\/wp-json\/wp\/v2\/pages"}],"about":[{"href":"https:\/\/texasworklawyer.com\/es\/wp-json\/wp\/v2\/types\/page"}],"author":[{"embeddable":true,"href":"https:\/\/texasworklawyer.com\/es\/wp-json\/wp\/v2\/users\/2"}],"replies":[{"embeddable":true,"href":"https:\/\/texasworklawyer.com\/es\/wp-json\/wp\/v2\/comments?post=303"}],"version-history":[{"count":0,"href":"https:\/\/texasworklawyer.com\/es\/wp-json\/wp\/v2\/pages\/303\/revisions"}],"wp:attachment":[{"href":"https:\/\/texasworklawyer.com\/es\/wp-json\/wp\/v2\/media?parent=303"}],"wp:term":[{"taxonomy":"category","embeddable":true,"href":"https:\/\/texasworklawyer.com\/es\/wp-json\/wp\/v2\/categories?post=303"},{"taxonomy":"post_tag","embeddable":true,"href":"https:\/\/texasworklawyer.com\/es\/wp-json\/wp\/v2\/tags?post=303"}],"curies":[{"name":"wp","href":"https:\/\/api.w.org\/{rel}","templated":true}]}}